{"id":10542,"date":"2022-07-18T14:44:23","date_gmt":"2022-07-18T14:44:23","guid":{"rendered":"https:\/\/apmea.davincigourmet.com\/sustainability\/"},"modified":"2024-12-11T23:29:11","modified_gmt":"2024-12-11T23:29:11","slug":"sustainability","status":"publish","type":"page","link":"https:\/\/store.apac.davincigourmet.com\/tr\/sustainability\/","title":{"rendered":"S\u00dcRD\u00dcR\u00dcLEB\u0130L\u0130RL\u0130K"},"content":{"rendered":"","protected":false},"excerpt":{"rendered":"<p>S\u00fcrd\u00fcr\u00fclebilirlik, i\u015f stratejimizin merkezinde yer al\u0131r. Programlar\u0131m\u0131z, toplumlar\u0131 refaha kavu\u015fturan ve \u00e7evresel etkiyi azaltan s\u00fcrd\u00fcr\u00fclebilirlik \u00e7al\u0131\u015fmalar\u0131n\u0131 stratejilerimizle b\u00fct\u00fcnle\u015ftirmeyi ama\u00e7lamaktad\u0131r. <\/p>\n","protected":false},"author":1,"featured_media":10543,"parent":0,"menu_order":0,"comment_status":"closed","ping_status":"closed","template":"page-sustainability.php","meta":{"_acf_changed":false,"footnotes":""},"class_list":["post-10542","page","type-page","status-publish","has-post-thumbnail","hentry"],"acf":[],"aioseo_notices":[],"_links":{"self":[{"href":"https:\/\/store.apac.davincigourmet.com\/tr\/wp-json\/wp\/v2\/pages\/10542","targetHints":{"allow":["GET"]}}],"collection":[{"href":"https:\/\/store.apac.davincigourmet.com\/tr\/wp-json\/wp\/v2\/pages"}],"about":[{"href":"https:\/\/store.apac.davincigourmet.com\/tr\/wp-json\/wp\/v2\/types\/page"}],"author":[{"embeddable":true,"href":"https:\/\/store.apac.davincigourmet.com\/tr\/wp-json\/wp\/v2\/users\/1"}],"replies":[{"embeddable":true,"href":"https:\/\/store.apac.davincigourmet.com\/tr\/wp-json\/wp\/v2\/comments?post=10542"}],"version-history":[{"count":1,"href":"https:\/\/store.apac.davincigourmet.com\/tr\/wp-json\/wp\/v2\/pages\/10542\/revisions"}],"predecessor-version":[{"id":10550,"href":"https:\/\/store.apac.davincigourmet.com\/tr\/wp-json\/wp\/v2\/pages\/10542\/revisions\/10550"}],"wp:featuredmedia":[{"embeddable":true,"href":"https:\/\/store.apac.davincigourmet.com\/tr\/wp-json\/wp\/v2\/media\/10543"}],"wp:attachment":[{"href":"https:\/\/store.apac.davincigourmet.com\/tr\/wp-json\/wp\/v2\/media?parent=10542"}],"curies":[{"name":"wp","href":"https:\/\/api.w.org\/{rel}","templated":true}]}}