{"id":9093,"date":"2022-07-21T06:33:16","date_gmt":"2022-07-21T06:33:16","guid":{"rendered":"https:\/\/apmea.davincigourmet.com\/distributorler\/"},"modified":"2025-10-19T10:49:14","modified_gmt":"2025-10-19T10:49:14","slug":"distributorler","status":"publish","type":"page","link":"https:\/\/store.apac.davincigourmet.com\/tr\/distributorler\/","title":{"rendered":"D\u0130STR\u0130B\u00dcT\u00d6RLER"},"content":{"rendered":"<p>L\u00fctfen, DaVinci Gourmet \u00fcr\u00fcnlerini \u00fclkenizde sat\u0131n alma konusunda bilgi almak i\u00e7in yetkili distrib\u00fct\u00f6rlerimizle ileti\u015fime ge\u00e7in.<\/p>\n","protected":false},"excerpt":{"rendered":"<p>L\u00fctfen, DaVinci Gourmet \u00fcr\u00fcnlerini \u00fclkenizde sat\u0131n alma konusunda bilgi almak i\u00e7in yetkili distrib\u00fct\u00f6rlerimizle ileti\u015fime ge\u00e7in.<\/p>\n","protected":false},"author":1,"featured_media":0,"parent":0,"menu_order":0,"comment_status":"closed","ping_status":"closed","template":"distributors-template.php","meta":{"_acf_changed":false,"footnotes":""},"class_list":["post-9093","page","type-page","status-publish","hentry","no-post-thumbnail"],"acf":[],"aioseo_notices":[],"_links":{"self":[{"href":"https:\/\/store.apac.davincigourmet.com\/tr\/wp-json\/wp\/v2\/pages\/9093","targetHints":{"allow":["GET"]}}],"collection":[{"href":"https:\/\/store.apac.davincigourmet.com\/tr\/wp-json\/wp\/v2\/pages"}],"about":[{"href":"https:\/\/store.apac.davincigourmet.com\/tr\/wp-json\/wp\/v2\/types\/page"}],"author":[{"embeddable":true,"href":"https:\/\/store.apac.davincigourmet.com\/tr\/wp-json\/wp\/v2\/users\/1"}],"replies":[{"embeddable":true,"href":"https:\/\/store.apac.davincigourmet.com\/tr\/wp-json\/wp\/v2\/comments?post=9093"}],"version-history":[{"count":1,"href":"https:\/\/store.apac.davincigourmet.com\/tr\/wp-json\/wp\/v2\/pages\/9093\/revisions"}],"predecessor-version":[{"id":11428,"href":"https:\/\/store.apac.davincigourmet.com\/tr\/wp-json\/wp\/v2\/pages\/9093\/revisions\/11428"}],"wp:attachment":[{"href":"https:\/\/store.apac.davincigourmet.com\/tr\/wp-json\/wp\/v2\/media?parent=9093"}],"curies":[{"name":"wp","href":"https:\/\/api.w.org\/{rel}","templated":true}]}}