{"id":9121,"date":"2024-04-04T11:16:58","date_gmt":"2024-04-04T11:16:58","guid":{"rendered":"https:\/\/apmea.davincigourmet.com\/kar-marji-hesaplayici\/"},"modified":"2026-03-14T05:32:48","modified_gmt":"2026-03-14T05:32:48","slug":"kar-marji-hesaplayici","status":"publish","type":"page","link":"https:\/\/store.apac.davincigourmet.com\/tr\/kar-marji-hesaplayici\/","title":{"rendered":"K\u00c2R MARJI HESAPLAYICI"},"content":{"rendered":"<p>\u0130\u015fletmenizde tahminlere yer b\u0131rakmay\u0131n ve k\u00e2r\u0131n\u0131z\u0131 art\u0131r\u0131n<\/p>\n","protected":false},"excerpt":{"rendered":"<p>Rekabette \u00f6nde kalman\u0131za yard\u0131mc\u0131 olacak heyecan verici tarifler, en yeni teknikler ve sekt\u00f6rdeki son trendlerden haberdar olmak i\u00e7in kaydolun! Abone Ol. Sayfan\u0131n Ba\u015f\u0131na D\u00f6n<\/p>\n","protected":false},"author":1,"featured_media":10924,"parent":0,"menu_order":0,"comment_status":"closed","ping_status":"closed","template":"page-price-calculator.php","meta":{"_acf_changed":false,"footnotes":""},"class_list":["post-9121","page","type-page","status-publish","has-post-thumbnail","hentry"],"acf":[],"aioseo_notices":[],"_links":{"self":[{"href":"https:\/\/store.apac.davincigourmet.com\/tr\/wp-json\/wp\/v2\/pages\/9121","targetHints":{"allow":["GET"]}}],"collection":[{"href":"https:\/\/store.apac.davincigourmet.com\/tr\/wp-json\/wp\/v2\/pages"}],"about":[{"href":"https:\/\/store.apac.davincigourmet.com\/tr\/wp-json\/wp\/v2\/types\/page"}],"author":[{"embeddable":true,"href":"https:\/\/store.apac.davincigourmet.com\/tr\/wp-json\/wp\/v2\/users\/1"}],"replies":[{"embeddable":true,"href":"https:\/\/store.apac.davincigourmet.com\/tr\/wp-json\/wp\/v2\/comments?post=9121"}],"version-history":[{"count":4,"href":"https:\/\/store.apac.davincigourmet.com\/tr\/wp-json\/wp\/v2\/pages\/9121\/revisions"}],"predecessor-version":[{"id":11752,"href":"https:\/\/store.apac.davincigourmet.com\/tr\/wp-json\/wp\/v2\/pages\/9121\/revisions\/11752"}],"wp:featuredmedia":[{"embeddable":true,"href":"https:\/\/store.apac.davincigourmet.com\/tr\/wp-json\/wp\/v2\/media\/10924"}],"wp:attachment":[{"href":"https:\/\/store.apac.davincigourmet.com\/tr\/wp-json\/wp\/v2\/media?parent=9121"}],"curies":[{"name":"wp","href":"https:\/\/api.w.org\/{rel}","templated":true}]}}