{"id":9139,"date":"2022-08-05T13:36:37","date_gmt":"2022-08-05T13:36:37","guid":{"rendered":"https:\/\/apmea.davincigourmet.com\/aroma-dehalarimiz\/"},"modified":"2026-03-14T05:31:10","modified_gmt":"2026-03-14T05:31:10","slug":"flavour-geniuslarimiz","status":"publish","type":"page","link":"https:\/\/store.apac.davincigourmet.com\/tr\/flavour-geniuslarimiz\/","title":{"rendered":"AROMA DEHALARIMIZ"},"content":{"rendered":"\n<div>\n<div>Bir barista, miksolojist ve i\u00e7ecek sanat\u00e7\u0131s\u0131 olarak hepimizin k\u00fc\u00e7\u00fck s\u0131rlar\u0131, yap\u0131t\u0131m\u0131z\u0131 \u00f6ne \u00e7\u0131karan her zaman kazand\u0131ran bir silah\u0131m\u0131z vard\u0131r. <\/div>\n<\/div>\n","protected":false},"excerpt":{"rendered":"<p>Her barista, miksolojist ve i\u00e7ecek sanat\u00e7\u0131s\u0131n\u0131n gizli bir silah\u0131 vard\u0131r. Lezzet Dehalar\u0131n\u0131n favori ara\u00e7lar\u0131yla imza kreasyonlar\u0131n\u0131 nas\u0131l y\u00fckseltti\u011fini ke\u015ffedin.<\/p>\n","protected":false},"author":1,"featured_media":0,"parent":0,"menu_order":0,"comment_status":"closed","ping_status":"closed","template":"archive-geniuses.php","meta":{"_acf_changed":false,"footnotes":""},"class_list":["post-9139","page","type-page","status-publish","hentry","no-post-thumbnail"],"acf":[],"aioseo_notices":[],"_links":{"self":[{"href":"https:\/\/store.apac.davincigourmet.com\/tr\/wp-json\/wp\/v2\/pages\/9139","targetHints":{"allow":["GET"]}}],"collection":[{"href":"https:\/\/store.apac.davincigourmet.com\/tr\/wp-json\/wp\/v2\/pages"}],"about":[{"href":"https:\/\/store.apac.davincigourmet.com\/tr\/wp-json\/wp\/v2\/types\/page"}],"author":[{"embeddable":true,"href":"https:\/\/store.apac.davincigourmet.com\/tr\/wp-json\/wp\/v2\/users\/1"}],"replies":[{"embeddable":true,"href":"https:\/\/store.apac.davincigourmet.com\/tr\/wp-json\/wp\/v2\/comments?post=9139"}],"version-history":[{"count":6,"href":"https:\/\/store.apac.davincigourmet.com\/tr\/wp-json\/wp\/v2\/pages\/9139\/revisions"}],"predecessor-version":[{"id":11750,"href":"https:\/\/store.apac.davincigourmet.com\/tr\/wp-json\/wp\/v2\/pages\/9139\/revisions\/11750"}],"wp:attachment":[{"href":"https:\/\/store.apac.davincigourmet.com\/tr\/wp-json\/wp\/v2\/media?parent=9139"}],"curies":[{"name":"wp","href":"https:\/\/api.w.org\/{rel}","templated":true}]}}