{"id":9188,"date":"2024-05-23T11:54:58","date_gmt":"2024-05-23T11:54:58","guid":{"rendered":"https:\/\/apmea.davincigourmet.com\/davinci-gourmet-barista-craft-championship\/"},"modified":"2026-03-06T10:29:07","modified_gmt":"2026-03-06T10:29:07","slug":"davinci-gourmet-barista-craft-championship","status":"publish","type":"page","link":"https:\/\/store.apac.davincigourmet.com\/tr\/davinci-gourmet-barista-craft-championship\/","title":{"rendered":"DaVinci Gourmet Barista Craft Championship"},"content":{"rendered":"","protected":false},"excerpt":{"rendered":"<p>Kafe sekt\u00f6r\u00fcn\u00fcn bir orta\u011f\u0131 olarak DaVinci Gourmet, baristal\u0131k mesle\u011fine y\u00f6nelik m\u00fc\u015fteri takdirini art\u0131rman\u0131n \u00f6neminin fark\u0131ndad\u0131r.<\/p>\n","protected":false},"author":1,"featured_media":0,"parent":0,"menu_order":0,"comment_status":"closed","ping_status":"closed","template":"page-barista-championship.php","meta":{"_acf_changed":false,"footnotes":""},"class_list":["post-9188","page","type-page","status-publish","hentry","no-post-thumbnail"],"acf":[],"aioseo_notices":[],"_links":{"self":[{"href":"https:\/\/store.apac.davincigourmet.com\/tr\/wp-json\/wp\/v2\/pages\/9188","targetHints":{"allow":["GET"]}}],"collection":[{"href":"https:\/\/store.apac.davincigourmet.com\/tr\/wp-json\/wp\/v2\/pages"}],"about":[{"href":"https:\/\/store.apac.davincigourmet.com\/tr\/wp-json\/wp\/v2\/types\/page"}],"author":[{"embeddable":true,"href":"https:\/\/store.apac.davincigourmet.com\/tr\/wp-json\/wp\/v2\/users\/1"}],"replies":[{"embeddable":true,"href":"https:\/\/store.apac.davincigourmet.com\/tr\/wp-json\/wp\/v2\/comments?post=9188"}],"version-history":[{"count":1,"href":"https:\/\/store.apac.davincigourmet.com\/tr\/wp-json\/wp\/v2\/pages\/9188\/revisions"}],"predecessor-version":[{"id":11722,"href":"https:\/\/store.apac.davincigourmet.com\/tr\/wp-json\/wp\/v2\/pages\/9188\/revisions\/11722"}],"wp:attachment":[{"href":"https:\/\/store.apac.davincigourmet.com\/tr\/wp-json\/wp\/v2\/media?parent=9188"}],"curies":[{"name":"wp","href":"https:\/\/api.w.org\/{rel}","templated":true}]}}